
{"id":7213,"date":"2023-12-14T15:59:58","date_gmt":"2023-12-14T12:59:58","guid":{"rendered":"https:\/\/www.gazimedicalclinic.com.tr\/high-dose-vitamin-c\/"},"modified":"2024-01-10T18:17:18","modified_gmt":"2024-01-10T15:17:18","slug":"high-dose-vitamin-c","status":"publish","type":"page","link":"https:\/\/www.gazimedicalclinic.com.tr\/en\/high-dose-vitamin-c\/","title":{"rendered":"High-Dose Vitamin C"},"content":{"rendered":"\t<div id=\"gap-1469406977\" class=\"gap-element clearfix\" style=\"display:block; height:auto;\">\n\t\t\n<style>\n#gap-1469406977 {\n  padding-top: 10px;\n}\n@media (min-width:550px) {\n  #gap-1469406977 {\n    padding-top: 30px;\n  }\n}\n<\/style>\n\t<\/div>\n\t\n<div class=\"row row-large align-center row-divided\" style=\"max-width:1400px\" id=\"row-1190652779\">\n\n\t<div id=\"col-524688559\" class=\"col medium-11 small-12 large-8\"  >\n\t\t\t\t<div class=\"col-inner text-center\"  >\n\t\t\t\n\t\t\t\n\n  <div class=\"banner has-hover asf_banner\" id=\"banner-791827450\">\n          <div class=\"banner-inner fill\">\n        <div class=\"banner-bg fill\" >\n            <img decoding=\"async\" width=\"1616\" height=\"1080\" src=\"https:\/\/www.gazimedicalclinic.com.tr\/wp-content\/uploads\/2023\/12\/yuksek-doz-c.jpg\" class=\"bg attachment-original size-original\" alt=\"\" title=\"\">                                    \n                    <\/div>\n\t\t\n        <div class=\"banner-layers container\">\n            <div class=\"fill banner-link\"><\/div>            \n   <div id=\"text-box-178606056\" class=\"text-box banner-layer x100 md-x100 lg-x100 y95 md-y90 lg-y90 res-text\">\n                                <div class=\"text-box-content text dark\">\n              \n              <div class=\"text-inner text-center\">\n                  \n<h1>High-Dose Vitamin C <\/h1>\n              <\/div>\n           <\/div>\n                            \n<style>\n#text-box-178606056 {\n  margin: 0px 0px 0px 0px;\n  width: 78%;\n}\n#text-box-178606056 .text-box-content {\n  background-color: rgb(235, 178, 16);\n  border-radius: 10px;\n  font-size: 72%;\n}\n#text-box-178606056 .text-inner {\n  padding: 5px 5px 5px 5px;\n}\n@media (min-width:550px) {\n  #text-box-178606056 {\n    margin: 0px -1px 0px 0px;\n    width: 51%;\n  }\n  #text-box-178606056 .text-box-content {\n    font-size: 60%;\n  }\n}\n@media (min-width:850px) {\n  #text-box-178606056 {\n    width: 51%;\n  }\n  #text-box-178606056 .text-box-content {\n    font-size: 100%;\n  }\n}\n<\/style>\n    <\/div>\n \n        <\/div>\n      <\/div>\n\n            \n<style>\n#banner-791827450 {\n  padding-top: 350px;\n  background-color: rgb(255,255,255);\n}\n#banner-791827450 .banner-bg img {\n  object-position: 0% 71%;\n}\n<\/style>\n  <\/div>\n\n\n\t<div id=\"gap-767803051\" class=\"gap-element clearfix\" style=\"display:block; height:auto;\">\n\t\t\n<style>\n#gap-767803051 {\n  padding-top: 30px;\n}\n<\/style>\n\t<\/div>\n\t\n<div class=\"video video-fit mb asf_video\" style=\"padding-top:50%;\"><p><iframe title=\"CV\u0130TAM\u0130N\u0130\" width=\"1020\" height=\"574\" src=\"https:\/\/www.youtube.com\/embed\/SijOCGuEjo0?feature=oembed\" frameborder=\"0\" allow=\"accelerometer; autoplay; clipboard-write; encrypted-media; gyroscope; picture-in-picture; web-share\" allowfullscreen><\/iframe><\/p>\n<\/div>\n\t<div id=\"text-2369261896\" class=\"text\">\n\t\t\n<p><strong>Boosting Immunity and Health Benefits<\/strong><\/p>\n<p><span style=\"font-weight: 400;\">Vitamin C plays an important role in the body&#8217;s functioning and offers many health benefits. Adequate intake of vitamin C can strengthen the immune system, shrink tumor cells, accelerate wound healing, support weight loss, speed up post-exercise muscle regeneration, and reduce allergy attacks. <span style=\"text-decoration: underline;\">Here&#8217;s more about vitamin C:<\/span><\/span><\/p>\n<p><span style=\"text-decoration: underline;\"><span style=\"font-weight: 400;\">Characteristics and Benefits of Vitamin C:<\/span><\/span><\/p>\n<ul>\n<li style=\"font-weight: 400;\" aria-level=\"1\"><span style=\"font-weight: 400;\">Boosting Immunity: <\/span><span style=\"font-weight: 400;\">Vitamin C helps strengthen the immune system. It increases the body&#8217;s awareness against pathogens and reduces the risk of infection.<\/span><\/li>\n<li style=\"font-weight: 400;\" aria-level=\"1\"><span style=\"font-weight: 400;\">Tumor Shrinkage:<\/span> <span style=\"font-weight: 400;\">High doses of vitamin C accumulate in tumor cells, creating an oxidant effect, and can contribute to some cancer treatments.<\/span><\/li>\n<li style=\"font-weight: 400;\" aria-level=\"1\"><span style=\"font-weight: 400;\">Wound Healing and Collagen Formation: <\/span><span style=\"font-weight: 400;\">Vitamin C accelerates wound healing and increases collagen production in the skin. It contributes to a healthy and youthful appearance.<\/span><\/li>\n<li style=\"font-weight: 400;\" aria-level=\"1\"><span style=\"font-weight: 400;\">Metabolism Acceleration: <\/span><span style=\"font-weight: 400;\">Vitamin C can speed up metabolism and increase fat burning. It aids in weight loss processes.<\/span><\/li>\n<li style=\"font-weight: 400;\" aria-level=\"1\"><span style=\"font-weight: 400;\">Muscle Regeneration: <\/span><span style=\"font-weight: 400;\">Vitamin C can be used to accelerate muscle regeneration after intense training. It helps muscles recover faster.<\/span><\/li>\n<li style=\"font-weight: 400;\" aria-level=\"1\"><span style=\"font-weight: 400;\">Allergy Reduction:<\/span> <span style=\"font-weight: 400;\">Vitamin C regulates histamine levels, effectively reducing seasonal allergy attacks.<\/span><\/li>\n<\/ul>\n<p><span style=\"font-weight: 400;\">Vitamin C is vital for many of the body&#8217;s basic functions and health. However, consult a health professional before using high doses of vitamin C.<\/span><\/p>\n\t\t\n<style>\n#text-2369261896 {\n  text-align: left;\n}\n<\/style>\n\t<\/div>\n\t\n\t<div id=\"gap-1081864748\" class=\"gap-element clearfix\" style=\"display:block; height:auto;\">\n\t\t\n<style>\n#gap-1081864748 {\n  padding-top: 20px;\n}\n<\/style>\n\t<\/div>\n\t\n<a href=\"tel:+905017335707\" class=\"button alert\"  >\n\t<i class=\"icon-phone\" aria-hidden=\"true\" ><\/i>\t<span>Request a Preliminary Consultation for Free<\/span>\n\t<\/a>\n\n<a href=\"https:\/\/www.gazimedicalclinic.com.tr\/en\/consult-for-free\/\" class=\"button secondary is-outline\"  >\n\t<i class=\"icon-plus\" aria-hidden=\"true\" ><\/i>\t<span>Request Information for Free<\/span>\n\t<\/a>\n\n\t\t<\/div>\n\t\t\t\t\n<style>\n#col-524688559 > .col-inner {\n  margin: 0px 10px -15px 0px;\n}\n<\/style>\n\t<\/div>\n\n\t\n\n\t<div id=\"col-1809630591\" class=\"col hide-for-medium medium-4 small-12 large-4\"  >\n\t\t<div class=\"is-sticky-column\"><div class=\"is-sticky-column__inner\">\t\t<div class=\"col-inner box-shadow-1\" style=\"background-color:rgb(248, 248, 248);\" >\n\t\t\t\n\t\t\t\n<div class=\"container section-title-container\" style=\"margin-bottom:0px;\"><h4 class=\"section-title section-title-normal\"><b><\/b><span class=\"section-title-main\" style=\"font-size:110%;\">Other IV Wellness and Support Cures<\/span><b><\/b><\/h4><\/div>\n<div class=\"row\"  id=\"row-278990347\">\n\n\t<div id=\"col-1078324415\" class=\"col medium-6 small-12 large-6\"  >\n\t\t\t\t<div class=\"col-inner\"  >\n\t\t\t\n\t\t\t\n<a href=\"https:\/\/www.gazimedicalclinic.com.tr\/en\/ozone-therapies\/\" class=\"button alert is-outline expand\"  >\n\t\t<span>Ozone Therapies<\/span>\n\t<\/a>\n\n<a href=\"https:\/\/www.gazimedicalclinic.com.tr\/en\/nad\/\" class=\"button alert is-outline expand\"  >\n\t\t<span>NAD<\/span>\n\t<\/a>\n\n<a href=\"https:\/\/www.gazimedicalclinic.com.tr\/en\/power-fitness-sport-amino-acid\/\" class=\"button alert is-outline expand\"  >\n\t\t<span>Power Fitness Sport<\/span>\n\t<\/a>\n\n<a href=\"https:\/\/www.gazimedicalclinic.com.tr\/en\/b-complex\/\" class=\"button alert is-outline expand\"  >\n\t\t<span>B Complex<\/span>\n\t<\/a>\n\n<a href=\"https:\/\/www.gazimedicalclinic.com.tr\/en\/beauty-coctail\/\" class=\"button alert is-outline expand\"  >\n\t\t<span>Beauty Coctail<\/span>\n\t<\/a>\n\n<a href=\"https:\/\/www.gazimedicalclinic.com.tr\/en\/cold-and-flu\/\" class=\"button alert is-outline expand\"  >\n\t\t<span>Cold and Flu<\/span>\n\t<\/a>\n\n<a href=\"https:\/\/www.gazimedicalclinic.com.tr\/en\/hydration\/\" class=\"button alert is-outline expand\"  >\n\t\t<span>Hydration<\/span>\n\t<\/a>\n\n\t\t<\/div>\n\t\t\t\t\t<\/div>\n\n\t\n\n\t<div id=\"col-1776976204\" class=\"col medium-6 small-12 large-6\"  >\n\t\t\t\t<div class=\"col-inner\"  >\n\t\t\t\n\t\t\t\n<a href=\"https:\/\/www.gazimedicalclinic.com.tr\/en\/myers-cocktail\/\" class=\"button alert is-outline expand\"  >\n\t\t<span>Myers Cocktail<\/span>\n\t<\/a>\n\n<a href=\"https:\/\/www.gazimedicalclinic.com.tr\/en\/glutathione\/\" class=\"button alert is-outline expand\"  >\n\t\t<span>Glutathione<\/span>\n\t<\/a>\n\n<a href=\"https:\/\/www.gazimedicalclinic.com.tr\/en\/fat-burning-slim-boost\/\" class=\"button alert is-outline expand\"  >\n\t\t<span>Fat Burning Slim B.<\/span>\n\t<\/a>\n\n<a href=\"https:\/\/www.gazimedicalclinic.com.tr\/en\/anti-aging-repair-collagen-booster\/\" class=\"button alert is-outline expand\"  >\n\t\t<span>Anti-aging Repair<\/span>\n\t<\/a>\n\n<a href=\"https:\/\/www.gazimedicalclinic.com.tr\/en\/hair-nail\/\" class=\"button alert is-outline expand\"  >\n\t\t<span>Hair &amp; Nail<\/span>\n\t<\/a>\n\n<a href=\"https:\/\/www.gazimedicalclinic.com.tr\/en\/alpha-lipoic-acid\/\" class=\"button alert is-outline expand\"  >\n\t\t<span>Alpha-Lipoic Acid<\/span>\n\t<\/a>\n\n<a href=\"https:\/\/www.gazimedicalclinic.com.tr\/en\/jet-lag-liver-detox\/\" class=\"button alert is-outline expand\"  >\n\t\t<span>Jet-Lag Liver Detox<\/span>\n\t<\/a>\n\n\t\t<\/div>\n\t\t\t\t\t<\/div>\n\n\t\n<\/div>\n\t\t<\/div>\n\t\t<\/div><\/div>\t\t\n<style>\n#col-1809630591 > .is-sticky-column > .is-sticky-column__inner > .col-inner {\n  padding: 10px 10px 5px 10px;\n  margin: 0px 0px -5px 0px;\n  border-radius: 10px;\n}\n<\/style>\n\t<\/div>\n\n\t\n<\/div>\n\t<div id=\"gap-202659907\" class=\"gap-element clearfix\" style=\"display:block; height:auto;\">\n\t\t\n<style>\n#gap-202659907 {\n  padding-top: 30px;\n}\n<\/style>\n\t<\/div>\n\t\n\n\t<section class=\"section\" id=\"section_4916693\">\n\t\t<div class=\"section-bg fill\" >\n\t\t\t\t\t\t\t\t\t\n\t\t\t\n\n\t\t<\/div>\n\n\t\t\n\n\t\t<div class=\"section-content relative\">\n\t\t\t\n\t<div id=\"gap-404100119\" class=\"gap-element clearfix\" style=\"display:block; height:auto;\">\n\t\t\n<style>\n#gap-404100119 {\n  padding-top: 10px;\n}\n<\/style>\n\t<\/div>\n\t\n<div class=\"row row-small row-full-width align-middle align-center\"  id=\"row-1642461604\">\n\n\t<div id=\"col-1524042084\" class=\"col medium-5 small-12 large-5\"  >\n\t\t\t\t<div class=\"col-inner text-center\"  >\n\t\t\t\n\t\t\t\n\t<div id=\"text-2013571869\" class=\"text\">\n\t\t\n<h3><span style=\"font-size: 120%;\">Right Institution, Right Treatment<\/span><\/h3>\n\t\t\n<style>\n#text-2013571869 {\n  text-align: center;\n}\n<\/style>\n\t<\/div>\n\t\n\t<div id=\"text-2907564972\" class=\"text\">\n\t\t\n<p>Fill in the form and we will call you!<br \/>Decide on the right treatment together with <strong>our specialists.<\/strong><\/p>\n\t\t\n<style>\n#text-2907564972 {\n  text-align: center;\n}\n<\/style>\n\t<\/div>\n\t\n\t<div id=\"gap-2139096338\" class=\"gap-element clearfix\" style=\"display:block; height:auto;\">\n\t\t\n<style>\n#gap-2139096338 {\n  padding-top: 20px;\n}\n<\/style>\n\t<\/div>\n\t\n<a href=\"tel:+905017335707\" class=\"button white box-shadow-1\"  >\n\t<i class=\"icon-phone\" aria-hidden=\"true\" ><\/i>\t<span>Call Us Now<\/span>\n\t<\/a>\n\n<a href=\"https:\/\/www.gazimedicalclinic.com.tr\/en\/consult-for-free\/\" class=\"button secondary box-shadow-1\"  >\n\t<i class=\"icon-plus\" aria-hidden=\"true\" ><\/i>\t<span>Request Information for Free<\/span>\n\t<\/a>\n\n\t\t<\/div>\n\t\t\t\t\t<\/div>\n\n\t\n\n\t<div id=\"col-346827198\" class=\"col medium-4 small-12 large-3\"  >\n\t\t\t\t<div class=\"col-inner text-left box-shadow-1\" style=\"background-color:rgb(248, 248, 248);\" >\n\t\t\t\n\t\t\t\n<div id=\"quform-8168c7\" class=\"quform quform-8 quform-theme-simple quform-support-page-caching\"><form id=\"quform-form-8168c7\" class=\"quform-form quform-form-8\" action=\"\/en\/wp-json\/wp\/v2\/pages\/7213#quform-8168c7\" method=\"post\" enctype=\"multipart\/form-data\" novalidate=\"novalidate\" data-options=\"{&quot;id&quot;:8,&quot;uniqueId&quot;:&quot;8168c7&quot;,&quot;theme&quot;:&quot;simple&quot;,&quot;ajax&quot;:true,&quot;logic&quot;:{&quot;logic&quot;:[],&quot;dependents&quot;:[],&quot;elementIds&quot;:[],&quot;dependentElementIds&quot;:[],&quot;animate&quot;:true},&quot;currentPageId&quot;:1,&quot;errorsIcon&quot;:&quot;&quot;,&quot;updateFancybox&quot;:true,&quot;hasPages&quot;:false,&quot;pages&quot;:[1],&quot;pageProgressType&quot;:&quot;numbers&quot;,&quot;tooltipsEnabled&quot;:true,&quot;tooltipClasses&quot;:&quot;qtip-quform-dark qtip-shadow&quot;,&quot;tooltipMy&quot;:&quot;left center&quot;,&quot;tooltipAt&quot;:&quot;right center&quot;,&quot;isRtl&quot;:false,&quot;scrollOffset&quot;:-50,&quot;scrollSpeed&quot;:800}\"><button class=\"quform-default-submit\" name=\"quform_submit\" type=\"submit\" value=\"submit\" aria-hidden=\"true\" tabindex=\"-1\"><\/button><div class=\"quform-form-inner quform-form-inner-8\"><input type=\"hidden\" name=\"quform_form_id\" value=\"8\" \/><input type=\"hidden\" name=\"quform_form_uid\" value=\"8168c7\" \/><input type=\"hidden\" name=\"quform_count\" value=\"1\" \/><input type=\"hidden\" name=\"form_url\" value=\"https:\/\/www.gazimedicalclinic.com.tr\/en\/wp-json\/wp\/v2\/pages\/7213\" \/><input type=\"hidden\" name=\"referring_url\" value=\"\" \/><input type=\"hidden\" name=\"post_id\" value=\"\" \/><input type=\"hidden\" name=\"post_title\" value=\"\" \/><input type=\"hidden\" name=\"quform_current_page_id\" value=\"1\" \/><input type=\"hidden\" name=\"quform_csrf_token\" value=\"HrRVPDnSNAInCgzfiUsUsg630KNLmgDfzhtOkwBy\" \/><div class=\"quform-elements quform-elements-8 quform-cf quform-responsive-elements-phone-landscape\"><div class=\"quform-element quform-element-page quform-page-1 quform-page-8_1 quform-cf quform-group-style-plain quform-first-page quform-last-page quform-current-page\"><div class=\"quform-child-elements\"><div class=\"quform-element quform-element-text quform-element-8_3 quform-cf quform-element-required\"><div class=\"quform-spacer\"><div class=\"quform-label quform-label-8_3\"><label class=\"quform-label-text\" for=\"quform_8_3_8168c7\">Name<span class=\"quform-required\">*<\/span><\/label><\/div><div class=\"quform-inner quform-inner-text quform-inner-8_3\"><div class=\"quform-input quform-input-text quform-input-8_3 quform-cf quform-has-field-icon-left\"><input type=\"text\" id=\"quform_8_3_8168c7\" name=\"quform_8_3\" class=\"quform-field quform-field-text quform-field-8_3\" \/><span class=\"quform-field-icon quform-field-icon-left\"><i class=\"fa fa-id-card\"><\/i><\/span><\/div><\/div><\/div><\/div><div class=\"quform-element quform-element-text quform-element-8_5 quform-cf quform-element-required\"><div class=\"quform-spacer\"><div class=\"quform-label quform-label-8_5\"><label class=\"quform-label-text\" for=\"quform_8_5_8168c7\">Phone<span class=\"quform-required\">*<\/span><\/label><\/div><div class=\"quform-inner quform-inner-text quform-inner-8_5\"><div class=\"quform-input quform-input-text quform-input-8_5 quform-cf quform-has-field-icon-left\"><input type=\"text\" id=\"quform_8_5_8168c7\" name=\"quform_8_5\" class=\"quform-field quform-field-text quform-field-8_5\" \/><span class=\"quform-field-icon quform-field-icon-left\"><i class=\"fa fa-phone\"><\/i><\/span><\/div><\/div><\/div><\/div><div class=\"quform-element quform-element-checkbox quform-element-8_21 quform-cf quform-element-required\"><div class=\"quform-spacer\"><div class=\"quform-inner quform-inner-checkbox quform-inner-8_21\"><div class=\"quform-input quform-input-checkbox quform-input-8_21 quform-cf\"><div class=\"quform-options quform-cf quform-options-block quform-options-simple\"><div class=\"quform-option\"><input type=\"checkbox\" name=\"quform_8_21[]\" id=\"quform_8_21_8168c7_1\" class=\"quform-field quform-field-checkbox quform-field-8_21 quform-field-8_21_1\" value=\"*I have read and approve the &lt;a href=&quot;\/gizlilik-politikasi\/&quot;&gt;&lt;font color=&quot;#0054CA&quot;&gt;KVVK and Privacy Policy&lt;\/font&gt;&lt;\/a&gt; regarding the use of my data.\" \/><label for=\"quform_8_21_8168c7_1\" class=\"quform-option-label quform-option-label-8_21_1\"><span class=\"quform-option-text\">*I have read and approve the <a href=\"\/gizlilik-politikasi\/\"><font color=\"#0054CA\">KVVK and Privacy Policy<\/font><\/a> regarding the use of my data.<\/span><\/label><\/div><\/div><\/div><\/div><\/div><\/div><div class=\"quform-element quform-element-submit quform-element-8_2 quform-cf quform-button-style-theme quform-button-width-full\"><div class=\"quform-button-submit quform-button-submit-default quform-button-submit-8_2\"><button name=\"quform_submit\" type=\"submit\" class=\"quform-submit\" value=\"submit\"><span class=\"quform-button-text quform-button-submit-text\">Get Free Information<\/span><\/button><\/div><div class=\"quform-loading quform-loading-position-left quform-loading-type-spinner-1\"><div class=\"quform-loading-inner\"><div class=\"quform-loading-spinner\"><div class=\"quform-loading-spinner-inner\"><\/div><\/div><\/div><\/div><\/div><div class=\"quform-element-tree\"><label for=\"quform_8_0_8168c7\">This field should be left blank<\/label><input type=\"text\" id=\"quform_8_0_8168c7\" name=\"quform_8_0\" class=\"quform-field quform-field-tree quform-field-8_0\" tabindex=\"-1\" autocomplete=\"off\" \/><\/div><\/div><\/div><\/div><\/div><\/form><\/div>\n\t\t<\/div>\n\t\t\t\t\n<style>\n#col-346827198 > .col-inner {\n  padding: 10px 10px 10px 10px;\n  border-radius: 10px;\n}\n<\/style>\n\t<\/div>\n\n\t\n<\/div>\n\t\t<\/div>\n\n\t\t\n<style>\n#section_4916693 {\n  padding-top: 10px;\n  padding-bottom: 10px;\n  background-color: rgba(0, 188, 161, 0.256);\n}\n<\/style>\n\t<\/section>\n\t\n","protected":false},"excerpt":{"rendered":"","protected":false},"author":6,"featured_media":0,"parent":0,"menu_order":0,"comment_status":"closed","ping_status":"closed","template":"page-blank.php","meta":{"footnotes":""},"class_list":["post-7213","page","type-page","status-publish","hentry"],"_links":{"self":[{"href":"https:\/\/www.gazimedicalclinic.com.tr\/en\/wp-json\/wp\/v2\/pages\/7213"}],"collection":[{"href":"https:\/\/www.gazimedicalclinic.com.tr\/en\/wp-json\/wp\/v2\/pages"}],"about":[{"href":"https:\/\/www.gazimedicalclinic.com.tr\/en\/wp-json\/wp\/v2\/types\/page"}],"author":[{"embeddable":true,"href":"https:\/\/www.gazimedicalclinic.com.tr\/en\/wp-json\/wp\/v2\/users\/6"}],"replies":[{"embeddable":true,"href":"https:\/\/www.gazimedicalclinic.com.tr\/en\/wp-json\/wp\/v2\/comments?post=7213"}],"version-history":[{"count":9,"href":"https:\/\/www.gazimedicalclinic.com.tr\/en\/wp-json\/wp\/v2\/pages\/7213\/revisions"}],"predecessor-version":[{"id":7809,"href":"https:\/\/www.gazimedicalclinic.com.tr\/en\/wp-json\/wp\/v2\/pages\/7213\/revisions\/7809"}],"wp:attachment":[{"href":"https:\/\/www.gazimedicalclinic.com.tr\/en\/wp-json\/wp\/v2\/media?parent=7213"}],"curies":[{"name":"wp","href":"https:\/\/api.w.org\/{rel}","templated":true}]}}